{"id":40,"date":"2022-01-21T17:58:56","date_gmt":"2022-01-21T17:58:56","guid":{"rendered":"http:\/\/www.univ-djelfa.dz\/icgtit\/?page_id=40"},"modified":"2023-05-03T19:27:28","modified_gmt":"2023-05-03T19:27:28","slug":"committees","status":"publish","type":"page","link":"https:\/\/conference.univ-djelfa.dz\/icrsetoset\/?page_id=40","title":{"rendered":"COMMITTEES"},"content":{"rendered":"<p><strong>Honorary Chairs<\/strong><br \/>\nPr El Hadj Ailam, Rector of Djelfa University, Algeria<br \/>\nPr Mokhtar Fodili, Djelfa University, Algeria<br \/>\nPr Ahmed Hafaifa, Djelfa University, Algeria<br \/>\nPr Haitham Abu-Rub, Texas A&amp;M University at Qatar<\/p>\n<p><strong>General Chairs<\/strong><br \/>\nDr Kouider Laroussi, Djelfa University, Algeria<br \/>\nPr Ilhami Colak, Nisantasi University, Turkey<br \/>\nDr Abdelhamid Iratni, University of Bordj Bou Arreridj, Algeria<br \/>\nPr Abdellah Kouzou, Djelfa University, Algeria<\/p>\n<p><strong>Scientific Committee Chairs<\/strong><br \/>\nPr Abdelhalim Tlem\u00e7ani, Medea University, Algeria<br \/>\nPr Andon Venelinov Topalov, Technical University of Sofia, branch in Plovdiv, Bulgaria<br \/>\nPr Mariusz Malinowski, Warsaw University of Technology, Poland<br \/>\nPr Senay Yalcin, Nisantasi University, Turkey<br \/>\nDr Ibrahim Korkmaz, Nisantasi University, Turkey<\/p>\n<p><strong>Organizing Chairs<\/strong><br \/>\nDr Abdelhalim Rabehi, University of Djelfa, Algeria<br \/>\nDr Lazhaer Herich, University of Djelfa, Algeria<br \/>\nPr Ugur Yozgat, Nisantasi University, Turkey<\/p>\n<p><strong>Technical Program Committee Chairs<\/strong><br \/>\nPr Nabil Derbel, University of Sfax, Tunisia<br \/>\nDr Moussa Boukhnifer, University of Lorraine, Nancy, France<br \/>\nPr Ekrem Yanmaz, Nisantasi University, Turkey<br \/>\nDr Belgacem Said Khaldi, Djelfa University, Algeria<\/p>\n<p><strong>Publication Chairs<\/strong><br \/>\nPr Kamal Mohammedi, Boumerdes University, Algeria<br \/>\nPr Mouloud Guemana, Medea University, Algeria<br \/>\nPr Mostefa Mohamed-Seghir, Gdynia Maritime University, Poland<\/p>\n<p><strong>Special Session Chairs<\/strong><br \/>\nPr Sa\u00efd Drid, Batna University, Algeria<br \/>\nDr Arif Senol Sener, Nisantasi University, Turkey<br \/>\nDr Jaroslow Gusinski, Gdansk Technical University, Poland<br \/>\nDr Ilhan Garip, Nisantasi University, Turkey<\/p>\n<p><strong>PhD Student Contest Chairs<\/strong><br \/>\nPr Brahim Mezghani, National Engineering School of Sfax (ENIS), Sfax, Tunisia<br \/>\nPr Kasim Al-Aubidy, Computer Control Engineering, Philadelphia University, Jordan<\/p>\n<p><strong>Finance Chairs<\/strong><br \/>\nDr Mourad Bachene, Medea University, Algeria<br \/>\nDr Mohamed Omran, University of Djelfa, Algeria<br \/>\nRegistration Chairs<br \/>\nPr Salam Abudura, Medea University, Algeria<br \/>\nDr Dahmane Djandaoui, University of Djelfa, Algeria<\/p>\n<p><strong>Website Chair<\/strong><br \/>\nMr Mohamed Amine Jaouaf, Djelfa University, Algeria<\/p>\n<p><strong>Organizing committee<\/strong><br \/>\nDr Allout Naas, Djelfa University, Algeria<br \/>\nDr Beladel Abdelkader, Djelfa University, Algeria<br \/>\nDr Belgacem Said Khaldi, University of Djelfa, Algeria<br \/>\nDr Cheikh Kezrane, Djelfa University, Algeria<br \/>\nDr Cheriet Fayssal, Djelfa University, Algeria<br \/>\nDr Hadi Taibi, Djelfa University, Algeria<br \/>\nDr Hameurlaine Abdelhadi, Djelfa University, Algeria<br \/>\nDr Ismail Dif, University of Djelfa, Algeria<br \/>\nDr Lakhmissi Cherroun, University of Djelfa, Algeria<br \/>\nDr Mohamed Elbar, University of Djelfa, Algeria<br \/>\nDr Mohamed Nadour, Djelfa University, Algeria<br \/>\nDr Mohamed Omran, University of Djelfa, Algeria<br \/>\nDr Mourad Bachene, Medea University, Algeria<br \/>\nDr Naas Charrak, University of Djelfa, Algeria<br \/>\nDr Nadji Hadroug, Djelfa University, Algeria<br \/>\nDr Naima Sofi, Medea University, Algeria<br \/>\nDr Sid Ali Aissat, University of Djelfa, Algeria<br \/>\nMr Larbi Brahimi, Djelfa University, Algeria<br \/>\nMr Salem Bendjeddou, Djelfa University, Algeria<\/p>\n<p><strong>PhD Student Contest Committee<\/strong><br \/>\nPr Atif Iqbal, Qatar University, Doha, Qatar<br \/>\nPr Brahim Mezghani, National Engineering School of Sfax (ENIS), Sfax, Tunisia<br \/>\nPr Carlo Trigona, University of Catania, Italy<br \/>\nPr Jaroslaw Guzinski, Gda\u0144sk University of Technology, Gdansk, Poland<br \/>\nPr Kasim Al-Aubidy, Computer Control Engineering, Philadelphia University, Jordan<br \/>\nPr Lakhdar Mokrani, University of Laghouat, Algeria<br \/>\nPr Saad Mekhilef, University of Malaya, Malaysia<br \/>\nDr Irene Samy Fahim Gabriel, Nile University, Egypt<\/p>\n<p><strong>Scientific committee<\/strong><br \/>\nPr Abdelazize Talha, University of Sciences and Technology of Houari Boumediene, Algeria<br \/>\nPr Abdelhalim Kessal, University of Bordj Bou Arreridj, Algeria<br \/>\nPr Abdelhalim Tlem\u00e7ani, University of M\u00e9d\u00e9a, Algeria<br \/>\nPr Abdelhamid Rabhi, Picardie Jules Vern University UPJV, France<br \/>\nPr Abdelkader Kansab, University of Chlef, Algeria<br \/>\nPr Abdellah Chehri, University of Quebec, UQAC, Chicoutimi, Canada<br \/>\nPr Abdellah Elhaj Abdellah, University of M\u00e9d\u00e9a, Algeria<br \/>\nPr Abdellah Kouzou, University of Djelfa, Algeria<br \/>\nPr Abdul Ghani Olabi, University of Sharjah, Sharjah, United Arab Emirates<br \/>\nPr Abdul-Wahid Abdul Aziz Saif, King Fahd University of Petroleum and Minerals, Saudi Arabia<br \/>\nPr Achour Betka, University of Biskra, Algeria<br \/>\nPr Agustin Valera Medina, Cardiff University, Wales, United Kingdom<br \/>\nPr Ahmed Chemori, University Montpellier 2, Montpellier, France<br \/>\nPr Ahmed Hafaifa, University of Djelfa, Algeria<br \/>\nPr Ahmed Maidi, University of Tizi-Ouzou, Algeria<br \/>\nPr Ahmed Said Nouri, National Engineering School of Gabes, Gabes, Tunisia<br \/>\nPr Amar Benaissa, University of Djelfa, Algeria<br \/>\nPr Amar Tilmatine, University of Sidi Bel Abbes, Algeria<br \/>\nPr Andon Venelinov Topalov, Technical University of Sofia, branch in Plovdiv, Bulgaria<br \/>\nPr Andrea Gatto, Natural Resources Institute at Greenwich University, United Kingdom<br \/>\nPr Andrzej Bartoszewicz, Lodz University of Technology, \u0141\u00f3d\u017a, Poland<br \/>\nPr Anis Omri, Qassim University, Qassim, Saudi Arabia<br \/>\nPr Anuj Kumar, University of Petroleum &amp; Energy Studies UPES, Dehradun, India<br \/>\nPr Atif Iqbal, Qatar University, Doha, Qatar<br \/>\nPr Barocio Espejo Emilio, Universidad de Guadalajara, Jalisco, M\u00e9xico<br \/>\nPr Boubakeur Azoui, University of Batna, Algeria<br \/>\nPr Brahim Cherki, University of Tlemcen, Algeria<br \/>\nPr Brahim Mezghani, National Engineering School of Sfax (ENIS), Sfax, Tunisia<br \/>\nPr Carlo Trigona, Electronic Instrumentation and Measurements, University of Catania, Italy<br \/>\nPr Chia Hsing Huang, SolBridge International, Daejeon, Republic of Korea<br \/>\nPr Cosimo Magazzino, Roma Tre University, Rome, Italy<br \/>\nPr Dardan Klimenta, University of Pri\u0161tina in Kosovska Mitrovica, Kosovska Mitrovica, Serbia<br \/>\nPr Eduardo Jacob-Lopes, Federal University of Santa Maria, Santa Maria, Brazil<br \/>\nPr Ekrem Yanmaz, Nisantasi University, Turkey<br \/>\nPr Faouzi Derbel, Leipzig University of Applied Sciences, Leipzig, Germany<br \/>\nPr Fausto Pedro Garcia Marquez, ETSI Industrial, Castilla-La Mancha University, Spain<br \/>\nPr Francisco Gonzalez-Longatt, University of Southeast, Norway<br \/>\nPr Gnaala Zcirthy Meenilankco Theiventhran, Western Norway University of Applied Sciences, Norway<br \/>\nPr Haitham Abu-Rub, Texas A&amp;M University at Qatar, Doha, Qatar<br \/>\nPr Hamid Reza Karimi, Politecnico di Milano, Milan, Italy<br \/>\nPr Hasan Dincer, Istanbul Medipol University, Turkey<br \/>\nPr Idilia Batchkova, University of Chemical Technology and Metallurgy, Sofia, Bulgaria<br \/>\nPr Ilhami Colak, Nisantasi University, Turkey<br \/>\nPr Jaroslaw Guzinski, Gda\u0144sk University of Technology, Gdansk, Poland<br \/>\nPr Joao Pereira Pinto, Oak Ridge National Laboratory, Oak Ridge, United States<br \/>\nPr Kamal Mohammedi, University of Boumerd\u00e8s Algeria<br \/>\nPr Kamel Guesmi, University of Djelfa, Algeria<br \/>\nPr Kamel Kara, University of Blida, Algeria<br \/>\nPr Karen Panetta, School of Engineering, Tufts University, United States<br \/>\nPr Kauko Leivisk\u00e4 , University of Oulu, Oulu, Finland<br \/>\nPr Khalil Kassimi, Mohamed I University, Oujda, Morocco<br \/>\nPr Krzysztof Blecharz, Gda\u0144sk University of Technology, Gdansk, Poland<br \/>\nPr Kusiak Andrew, Seamans Center, University of Iowa, Iowa, United States<br \/>\nPr Lakhdar Aidaoui, University of Djelfa, Algeria<br \/>\nPr Lakhdar Bessissa, University of Djelfa, Algeria<br \/>\nPr Lakhdar Mokrani, University of Laghouat, Algeria<br \/>\nPr Larbi Boukezzi, University of Djelfa, Algeria<br \/>\nPr Maki K. Habib, School of Sciences and Engineering, American University in Cairo, Cairo, Egypt<br \/>\nPr Marco Race, University of Cassino and Southern Lazio, Cassino, Italy<br \/>\nPr Mariusz Malinowski, Warsaw University of Technology, Poland<br \/>\nPr Mohamed Ali Yousif Abido, King Fahd University of Petroleum &amp; Minerals KFUPM, Saudi Arabia<br \/>\nPr Mohamed Mounir Rezaoui, University of Djelfa, Algeria<br \/>\nPr Mohammad Saad Alam, Aligarh Muslim University, Aligarh, India<br \/>\nPr Mohd Ashraf Ahmad, Universiti Malaysia Pahang, Malaysia<br \/>\nPr Mohd Fua\u2019ad Rahmat, Universiti Teknologi Malaysia, Johor Malaysia<br \/>\nPr Mokhtar Fodili, University of Djelfa, Algeria<br \/>\nPr Monica Siroux, Energy Departement, Strasbourg University, France<br \/>\nPr Mostefa Mohamed-Seghir, Gdynia Maritime University, Poland<br \/>\nPr Mouloud Guemana, University of M\u00e9d\u00e9a, Algeria<br \/>\nPr Mourad Bachene, University of M\u00e9d\u00e9a, Algeria<br \/>\nPr Nabil Derbel, National Engineering School of Sfax (ENIS), Sfax, Tunisia<br \/>\nPr Nadjib Drouiche, CRTSE Department of Environmental Engineering, Algeria<br \/>\nPr Olfa Kanoun, Technische Universit\u00e4t Chemnitz, Chemnitz, Germany<br \/>\nPr Omar Mansour, University of Djelfa, Algeria<br \/>\nPr Pavol Bauer, Delft University of Technology, Delft, Netherlands<br \/>\nPr Qasim Mousa Alwan Obaidi, Computer Control Engineering, Philadelphia University, Jordan<br \/>\nPr Ramazan Bayindir, Gazi University, Ankara, Turkey<br \/>\nPr Saad Mekhilef, Swinburne University of Technology, Hawthorn, Australia<br \/>\nPr Sa\u00efd Drid, University of Batna, Algeria<br \/>\nPr Salam Abudura, University of M\u00e9d\u00e9a, Algeria<br \/>\nPr Salim Guettala, University of Djelfa, Algeria<br \/>\nPr Brahim Elkhalil Hachi, University of Djelfa, Algeria<br \/>\nPr Sanjeevikumar Padmanaban, University of Bologna, Italy<br \/>\nPr Santolo Meo, Federico II University, Naples, Italy<br \/>\nPr Senay Yalcin, Nisantasi University, Turkey<br \/>\nPr Sofiane Bououden, University of Khenchela, Algeria<br \/>\nPr Ugur Yozgat, Nisantasi University, Turkey<br \/>\nPr Vijay K. Sood, Faculty of Engineering and Applied Science, OntarioTech University, Oshawa, Canada<br \/>\nPr Vintr Zden\u011bk, Faculty of Military Technology, University of Defence, Brno, Czech Republic<br \/>\nPr Xiaoqi Chen, Swinburne University of Technology, Australia<br \/>\nPr Yahia Lasbet, University of Djelfa, Algeria<br \/>\nPr Youcef Remram, University of Sciences and Technology of Houari Boumediene, Algeria<br \/>\nPr Youcef Smara, University of Sciences and Technology of Houari Boumediene, Algeria<br \/>\nPr Youcef Soufi, University of Tebessa, Algeria<br \/>\nPr Younes Chiba, University of M\u00e9d\u00e9a, Algeria<br \/>\nPr Zoran Bojkovic, University of Belgrade, Serbia<br \/>\nDr Abdelghani Rouini, University of Djelfa, Algeria<br \/>\nDr Abdelhafid Benyounes, Universit\u00e9 de M&#8217;sila, Algeria<br \/>\nDr Abdelhalim Rabehi, University of Djelfa, Algeria<br \/>\nDr Abdelhamid Iratni, University of Bordj Bou Arreridj, Algeria<br \/>\nDr Abdelkader Beladel, University of Djelfa, Algeria<br \/>\nDr Adel Oulefki, CDTA Alger, Algeria<br \/>\nDr Ahmed A. Zaki Diab, Minia University, Minia, Egypt<br \/>\nDr Ahmed Lamine Boukhalkhal, University of Djelfa, Algeria<br \/>\nDr Ahmed Zohar Djeddi, University of Djelfa, Algeria<br \/>\nDr Alban Kuriqi, Instituto Superior T\u00e9cnico, University of Lisbon, Lisbon, Portugal<br \/>\nDr Ali Teta, University of Djelfa, Algeria<br \/>\nDr Alper Kerem, Faculty of Technology, Gazi University, Ankara, Turkey<br \/>\nDr Ameur Mailoud Kadouri, University of Djelfa, Algeria<br \/>\nDr Amor Gama, Renewables Energies Developpement Center, Gharda\u00efa, Algeria<br \/>\nDr Andrea Gatto, Kean University, New Jersey, United States<br \/>\nDr Antonio Gagliano, University of Catania, Catania, Italy<br \/>\nDr Arif Senol \u015eener, Nisantasi University, Turkey<br \/>\nDr Baizid Benahmed, University of Djelfa, Algeria<br \/>\nDr Belgacem Toual, University of Djelfa, Algeria<br \/>\nDr Benali Tifour, University of Djelfa, Algeria<br \/>\nDr Benalia Mhamdi, University of Djelfa, Algeria<br \/>\nDr Chamil Abeykoon, University of Manchester, Manchester, United Kingdom<br \/>\nDr Cheikh Kezrane, University of Djelfa, Algeria<br \/>\nDr Djillali Kouchih, University of Blida, Algeria<br \/>\nDr Fateh Ferroudji, CDER, URERMS, Adrar, Algeria<br \/>\nDr Fodil Dif, University of Djelfa, Algeria<br \/>\nDr Hakim Azizi, University of Djelfa, Algeria<br \/>\nDr Hamid Reza Shaker, University of Southern Denmark, Denmark<br \/>\nDr Hamza Houassine, University of Bouira, Algeria<br \/>\nDr Houssem Jerbi, Hail University, Saudi Arabia<br \/>\nDr \u0130brahim Korkmaz, Nisantasi University, Turkey<br \/>\nDr Idriss Benlaloui, University of Batna, Algeria<br \/>\nDr Ilhan Garip, Nisantasi University, Turkey<br \/>\nDr Imad Merzouk, University of Djelfa, Algeria<br \/>\nDr Imed Ben Dhaou, Al-Qassim University, Saudi Arabia<br \/>\nDr Irene Samy Fahim Gabriel, Department of Industrial Engineering, Nile University, Egypt<br \/>\nDr Irfan A. Khan, Texas A&amp;M University at Galveston, Galveston, USA<br \/>\nDr Jaroslow Gusinski, Gdansk Technical University, Poland<br \/>\nDr Khalissa Behih, University of Setif, Algeria<br \/>\nDr Khalissa Behih, University of S\u00e9tif, Algeria<br \/>\nDr Khansa Bdirina, University of Djelfa, Algeria<br \/>\nDr Kouider Laroussi, University of Djelfa, Algeria<br \/>\nDr Lakhmissi Cherroun, University of Djelfa, Algeria<br \/>\nDr Lazhar Hariche, University of Djelfa, Algeria<br \/>\nDr Levent \u00c7olak, Baskent University, Ankara, Turkey<br \/>\nDr Mandeep Mahendru, ICFAI Business School, Gurugram, Haryana, India<br \/>\nDr Mazouz Lakhdar, University of Djelfa, Algeria<br \/>\nDr Messaouda Azzouzi, University of Djelfa, Algeria<br \/>\nDr Mete Vural, Gaziantep University, Gaziantep, Turkey<br \/>\nDr Mohamed Azloui, University of Djelfa, Algeria<br \/>\nDr Mohamed Boudhiaf, University of Djelfa, Algeria<br \/>\nDr Mohamed Kezrane, University of Djelfa, Algeria<br \/>\nDr Mohamed Nadour, University of Djelfa, Algeria<br \/>\nDr Mohamed Rabehi, University of Djelfa, Algeria<br \/>\nDr Mohammed Badaoui, University of Djelfa, Algeria<br \/>\nDr Mohammed Chebout, University of Djelfa, Algeria<br \/>\nDr Mohammed Omrane, University of Djelfa, Algeria<br \/>\nDr Mohd Ashraf Bin Ahmad, Universiti Malaysia Pahang, Pahang, Malaysia<br \/>\nDr Moussa Boukhnifer, University of Lorraine, Nancy, France<br \/>\nDr Muhammad Farhan Bashir, Central South University, Changsha, China<br \/>\nDr Muhammad Rizwan Yaseen, Government College University, Faisalabad, Pakistan<br \/>\nDr Muhammad Zubair Mumtaz, National University of Sciences &amp; Technology, Islamabad, Pakistan<br \/>\nDr Nadji Hadroug, University of Djelfa, Algeria<br \/>\nDr Naima Sofi, University of M\u00e9d\u00e9a, Algeria<br \/>\nDr Nasreddine Amoura, University of M\u00e9d\u00e9a, Algeria<br \/>\nDr Nikola Shakev, Technical University of Sofia, Branch Plovdiv, Plovdiv, Bulgaria<br \/>\nDr Nourddine Lahc\u00e8ne, University of Laghouat, Algeria<br \/>\nDr Noureddine Henini, University of Medea<br \/>\nDr Noureddine Henini, University of M\u00e9d\u00e9a, Algeria<br \/>\nDr Obaid S. Alshammari, Hail University, Saudi Arabia<br \/>\nDr R\u00e9dha Djamel Mohammedi, University of Djelfa, Algeria<br \/>\nDr Roshni Thendiyath, National Institute of Technology, Patna, India<br \/>\nDr Saad khaddar, University of Djelfa, Algeria<br \/>\nDr Saeed Qaisar, Effat University, Jeddah, Kingdom of Saudi Arabia<br \/>\nDr Sagar Bhaskar Mahajan, College of Engineering, Prince Sultan University, Riyadh, Saudi Arabia<br \/>\nDr Salah Karef, University of Djelfa, Algeria<br \/>\nDr Salaheddine Harzallah, University of Djelfa, Algeria<br \/>\nDr Sevil Ahmed, Technical University of Sofia, Branch Plovdiv, Plovdiv, Bulgaria<br \/>\nDr Taha Hocine Douara, University of Djelfa, Algeria<br \/>\nDr Tahar Benmessaoud, University of Djelfa, Algeria<br \/>\nDr Thaweesak Trongtirakul, Rajamangala University of Technology, Bangkok, Thailand<br \/>\nDr Toomas Vaimann, Tallinn University of Technology, Tallinn, Estonia<br \/>\nDr Vembarasan Vaitheeswaran, Shiv Nadar University Chennai, Tamil Nadu, India<br \/>\nDr Yassine Himeur, University of Dubai, United Arab Emirates<br \/>\nDr Yettou Fatiha, Renewables Energies Developpement Center, Gharda\u00efa, Algeria<br \/>\nDr Ziyad Bouchama, University of Bordj Bou Arreridj, Algeria<\/p>\n","protected":false},"excerpt":{"rendered":"<p>Honorary Chairs Pr El Hadj Ailam, Rector of Djelfa University, Algeria Pr Mokhtar Fodili, Djelfa University, Algeria Pr Ahmed Hafaifa, Djelfa University, Algeria Pr Haitham Abu-Rub, Texas A&amp;M University at Qatar General Chairs Dr Kouider Laroussi, Djelfa University, Algeria Pr Ilhami Colak, Nisantasi University, Turkey Dr Abdelhamid Iratni, University of Bordj Bou Arreridj, Algeria Pr &hellip;<\/p>\n","protected":false},"author":1,"featured_media":0,"parent":0,"menu_order":0,"comment_status":"closed","ping_status":"closed","template":"","meta":{"footnotes":""},"class_list":["post-40","page","type-page","status-publish",""],"_links":{"self":[{"href":"https:\/\/conference.univ-djelfa.dz\/icrsetoset\/index.php?rest_route=\/wp\/v2\/pages\/40","targetHints":{"allow":["GET"]}}],"collection":[{"href":"https:\/\/conference.univ-djelfa.dz\/icrsetoset\/index.php?rest_route=\/wp\/v2\/pages"}],"about":[{"href":"https:\/\/conference.univ-djelfa.dz\/icrsetoset\/index.php?rest_route=\/wp\/v2\/types\/page"}],"author":[{"embeddable":true,"href":"https:\/\/conference.univ-djelfa.dz\/icrsetoset\/index.php?rest_route=\/wp\/v2\/users\/1"}],"replies":[{"embeddable":true,"href":"https:\/\/conference.univ-djelfa.dz\/icrsetoset\/index.php?rest_route=%2Fwp%2Fv2%2Fcomments&post=40"}],"version-history":[{"count":16,"href":"https:\/\/conference.univ-djelfa.dz\/icrsetoset\/index.php?rest_route=\/wp\/v2\/pages\/40\/revisions"}],"predecessor-version":[{"id":348,"href":"https:\/\/conference.univ-djelfa.dz\/icrsetoset\/index.php?rest_route=\/wp\/v2\/pages\/40\/revisions\/348"}],"wp:attachment":[{"href":"https:\/\/conference.univ-djelfa.dz\/icrsetoset\/index.php?rest_route=%2Fwp%2Fv2%2Fmedia&parent=40"}],"curies":[{"name":"wp","href":"https:\/\/api.w.org\/{rel}","templated":true}]}}